{"id":149,"date":"2024-10-29T14:31:13","date_gmt":"2024-10-29T12:31:13","guid":{"rendered":"https:\/\/www.osma-art.fi\/?page_id=149"},"modified":"2025-01-08T15:06:27","modified_gmt":"2025-01-08T13:06:27","slug":"tietosuojaseloste","status":"publish","type":"page","link":"https:\/\/www.osma-art.fi\/index.php\/tietosuojaseloste\/","title":{"rendered":"Tietosuojaseloste"},"content":{"rendered":"\t\t<div data-elementor-type=\"wp-page\" data-elementor-id=\"149\" class=\"elementor elementor-149\" data-elementor-post-type=\"page\">\n\t\t\t\t<div class=\"elementor-element elementor-element-3c2c1b5b e-flex e-con-boxed e-con e-parent\" data-id=\"3c2c1b5b\" data-element_type=\"container\" data-e-type=\"container\">\n\t\t\t\t\t<div class=\"e-con-inner\">\n\t\t\t\t<div class=\"elementor-element elementor-element-3a983e1e elementor-widget elementor-widget-text-editor\" data-id=\"3a983e1e\" data-element_type=\"widget\" data-e-type=\"widget\" data-widget_type=\"text-editor.default\">\n\t\t\t\t<div class=\"elementor-widget-container\">\n\t\t\t\t\t\t\t\t\t<p><strong>Rekisterinpit\u00e4j\u00e4: OSMA Art<\/strong><\/p>\n<p>Rekisterinpit\u00e4j\u00e4 eli OSMA Art on suomalainen pienyritys, joka valmistaa koruja perinteisin kultasep\u00e4ntekniikoin Pohjois-Karjalassa.<\/p>\n<p>OSMA Art k\u00e4sittelee asiakasrekisteriss\u00e4\u00e4n henkil\u00f6tietoja yrityksen toiminnan mahdollistamiseksi. T\u00e4ss\u00e4 tietosuojaselosteessa kerrotaan OSMA Art:n asiakasrekisterist\u00e4 ja henkil\u00f6tietojesi k\u00e4sittelyyn liittyvist\u00e4 asioista.<\/p>\n<p>OSMA Art<\/p>\n<p>Y-tunnus: 2268369-0<\/p>\n<p>Virsuranta 3 A, 81850 M\u00e4t\u00e4svaara<\/p>\n<p>Yhteyshenkil\u00f6:<\/p>\n<p>Anu Turunen, anu@osma-art.fi, 040\u00a0574 8395<\/p>\n<p><strong>Miksi ja mill\u00e4 perusteella henkil\u00f6tietoja k\u00e4sitell\u00e4\u00e4n?<\/strong><\/p>\n<p>Henkil\u00f6tietojen k\u00e4ytt\u00f6tarkoitukset ja oikeusperusteet ovat seuraavat:<\/p>\n<p>Tilaukset: Kun tilaat OSMA Art:lta tuotteen, henkil\u00f6tietojasi k\u00e4sitell\u00e4\u00e4n tilauksen k\u00e4sittelemiseksi ja toimittamiseksi. T\u00e4m\u00e4 k\u00e4sittely perustuu sopimukseen eli tilauksen tekemiseen sinun ja OSMA Art:n v\u00e4lill\u00e4.<\/p>\n<p>Kanta-asiakkaat: Voit halutessasi liitty\u00e4 OSMA Art:n kanta-asiakkaaksi, jolloin OSMA Art voi l\u00e4hett\u00e4\u00e4 sinulle tietoa asiakkuuteesi liittyen. T\u00e4m\u00e4 k\u00e4sittely perustuu suostumukseesi.<\/p>\n<p>Suostumus kanta-asiakkaaksi tarkoittaa, ett\u00e4 haluat saada tietoa OSMA Art:n uusista tuotteista, tarjouksista ja yrityksen ajankohtaisista kuulumisista ja tied\u00e4t, ett\u00e4 sinulla on oikeus perua suostumuksesi. Voit antaa suostumuksesi kanta-asiakkuuteen suullisesti tai kirjallisesti. Tieto merkit\u00e4\u00e4n OSMA Art:n asiakasrekisteriin.<\/p>\n<p>Asiakasviestint\u00e4 ja suoramarkkinointi: OSMA Art tiedottaa asiakkaitaan asiakassuhteeseen ja yrityksen toimintaan liittyvist\u00e4 asioista.<\/p>\n<p>OSMA Art markkinoi tuotteitaan. Suoramarkkinointi voi olla perinteist\u00e4 suoramarkkinointia kuten puhelimitse tapahtuvaa, ja t\u00e4m\u00e4 k\u00e4sittely perustuu oikeutettuun etuun. Suoramarkkinointi voi olla my\u00f6s s\u00e4hk\u00f6ist\u00e4 kuten s\u00e4hk\u00f6postilla tapahtuvaa, ja t\u00e4m\u00e4 k\u00e4sittely perustuu ensisijaisesti suostumukseesi ja joissain tapauksissa oikeutettuun etuun.<\/p>\n<p>Suostumus s\u00e4hk\u00f6iseen suoramarkkinointiin tarkoittaa, ett\u00e4 hyv\u00e4ksyt OSMA Art:n tekem\u00e4n s\u00e4hk\u00f6isen suoramarkkinoinnin eli sen, ett\u00e4 saat esimerkiksi s\u00e4hk\u00f6postia OSMA Art:n tuotteista ja tied\u00e4t, ett\u00e4 sinulla on oikeus perua suostumuksesi. Voit antaa suostumuksesi s\u00e4hk\u00f6iseen suoramarkkinointiin suullisesti tai kirjallisesti. Tieto merkit\u00e4\u00e4n OSMA Art:n asiakasrekisteriin.<\/p>\n<p>OSMA Art:n toiminnan kehitt\u00e4minen ja ev\u00e4steet: OSMA kehitt\u00e4\u00e4 toimintaansa k\u00e4ytt\u00e4m\u00e4ll\u00e4 ensisijaisesti anonymisoitua tietoa. Henkil\u00f6tietoja k\u00e4ytet\u00e4\u00e4n kehitt\u00e4misty\u00f6ss\u00e4 perustellusta syyst\u00e4 siten, ett\u00e4 se on asianmukaista eik\u00e4 aiheuta haittaa rekister\u00f6idylle. \u00a0OSMA Art my\u00f6s seuraa verkkosivujensa k\u00e4ytt\u00f6\u00e4 kuten k\u00e4ytt\u00e4\u00e4 ev\u00e4steit\u00e4 ja tekee verkkosivuanalytiikkaa. T\u00e4m\u00e4 k\u00e4sittely perustuu oikeutettuun etuun.<\/p>\n<p><strong>Mit\u00e4 henkil\u00f6tietoja rekisteriss\u00e4 on?<\/strong><\/p>\n<p>Rekisteriss\u00e4 on seuraavat henkil\u00f6tiedot<\/p>\n<ul>\n<li>rekister\u00f6idyn nimi<\/li>\n<li>yhteystiedot: postiosoite, puhelinnumero, s\u00e4hk\u00f6postiosoite<\/li>\n<li>ostohistoria: tilatut tuotteet, toimitustiedot, k\u00e4ytetty maksunv\u00e4lityspalvelu (rekisteriin ei tallenneta rekister\u00f6idyn maksuv\u00e4linetietoja)<\/li>\n<li>suostumus s\u00e4hk\u00f6iseen suoramarkkinointiin<\/li>\n<li>ev\u00e4steisiin ja verkkosivuanalytiikkaan liittyv\u00e4t tiedot<\/li>\n<\/ul>\n<p><strong>Mist\u00e4 henkil\u00f6tiedot saadaan?<\/strong><\/p>\n<p>Henkil\u00f6tiedot saadaan henkil\u00f6lt\u00e4 itselt\u00e4\u00e4n silloin, kun henkil\u00f6 tilaa tuotteen tai liittyy kanta-asiakkaaksi.<\/p>\n<p>OSMA Art voi hy\u00f6dynt\u00e4\u00e4 julkisista l\u00e4hteist\u00e4 saatavia yhteystietoja ja tehd\u00e4 perinteist\u00e4 suoramarkkinointia kuten soittaa mahdolliselle uudelle asiakkaalle. Soittaminen tehd\u00e4\u00e4n kuukauden sis\u00e4ll\u00e4 tietojen ker\u00e4\u00e4misest\u00e4 ja soittamisen yhteydess\u00e4 kerrotaan, mist\u00e4 henkil\u00f6tiedot on saatu ja mist\u00e4 saa tietoa niiden k\u00e4sittelyst\u00e4. Mahdollinen uusi asiakas voi halutessaan antaa puhelimessa suostumuksensa s\u00e4hk\u00f6iseen suoramarkkinointiin. Tiedot poistetaan, jos henkil\u00f6 ei halua tietoa OSMA Art:n tuotteista.<\/p>\n<p><strong>Miten kauan henkil\u00f6tietoja s\u00e4ilytet\u00e4\u00e4n?<\/strong><\/p>\n<p>Tietoja s\u00e4ilytet\u00e4\u00e4n asiakassuhteen voimassaoloajan. T\u00e4t\u00e4 aikaa m\u00e4\u00e4ritt\u00e4\u00e4 tilaus ja sen toimitus, toimitusehdot, reklamaatioaika ja kanta-asiakkuus. OSMA Art kuitenkin poistaa tiedot viimeist\u00e4\u00e4n kolmen vuoden kuluttua siit\u00e4, kun tilaustapahtuma on tehty, ellei asiakassuhde jatku.<\/p>\n<p>Osaa tiedoista s\u00e4ilytet\u00e4\u00e4n kirjanpitoon liittyv\u00e4n lains\u00e4\u00e4d\u00e4nn\u00f6n m\u00e4\u00e4r\u00e4\u00e4m\u00e4n ajan.<\/p>\n<p><strong>Luovutetaanko henkil\u00f6tietoja?<\/strong><\/p>\n<p>Tietojen luovutukset liittyv\u00e4t toiminnassa k\u00e4ytett\u00e4viin palveluihin ja verkkosivuanalytiikkaan. Tietoja luovutetaan seuraaville tahoille:<\/p>\n<ul>\n<li>WordPress ja WooCommerce: OSMA Art:n verkkokauppa on rakennettu n\u00e4ille alustoille. OSMA Art on sitoutunut n\u00e4iden alustojen k\u00e4ytt\u00f6ehtoihin ja tietosuojaa koskeviin ehtoihin.<\/li>\n<li>Maksunv\u00e4lityspalvelut: Luovutus tehd\u00e4\u00e4n maksutapahtuman mahdollistamiseksi. Luovutetut tiedot ovat asiakkaan nimi, laskutustiedot ja tilauksen summa. Maksunv\u00e4lityspalvelu voi olla esimerkiksi Klarna.<\/li>\n<li>Toimituspalvelut: Luovutus tehd\u00e4\u00e4n tuotteen toimittamiseksi. Luovutetut tiedot ovat asiakkaan nimi, toimitusosoite ja puhelinnumero. Toimituspalvelu voi olla esimerkiksi Posti tai Matkahuolto.<\/li>\n<li>Verkkosivuston analytiikkapalvelut: Luovutus tehd\u00e4\u00e4n OSMA Art:n toiminnan kehitt\u00e4miseksi. Luovutetut tiedot ovat sivustolla k\u00e4ymiseen liittyv\u00e4t tunnistetiedot, kuten ev\u00e4stetiedot, sivustolla k\u00e4vij\u00e4n IP-osoite, k\u00e4ynnin kellonaika, vieraillut sivut, selaintyyppi, verkko-osoite ja palvelin. Verkkosivuston analytiikassa k\u00e4ytet\u00e4\u00e4n WordPressin omia analytiikkatoimintoja ja Google Analyticsia.<\/li>\n<li>Viranomaiset: Henkil\u00f6tietoja voidaan luovuttaa viranomaisille lain edellytt\u00e4ess\u00e4 ja lain sallimilla tavoilla.<\/li>\n<\/ul>\n<p><strong>Tietojasi k\u00e4sitell\u00e4\u00e4n turvallisesti<\/strong><\/p>\n<p>Asiakasrekisteri\u00e4 s\u00e4ilytet\u00e4\u00e4n s\u00e4hk\u00f6isesti ja n\u00e4ille tiedoille soveltuvissa ja tietoturvallisissa IT-palveluissa. se sijaitsee suojatulla palvelimella. Vain yhteyshenkil\u00f6ll\u00e4 tai h\u00e4nen nime\u00e4m\u00e4ll\u00e4\u00e4n henkil\u00f6ll\u00e4 on oikeus k\u00e4ytt\u00e4\u00e4 ja yll\u00e4pit\u00e4\u00e4 rekisterin tietoja. Tietoturvaan liittyv\u00e4t IT-palveluiden p\u00e4ivitykset tehd\u00e4\u00e4n ajantasaisesti. OSMA Art seuraa k\u00e4ytt\u00e4miens\u00e4 IT-palveluiden tietoturvaa ja tietosuojaa koskevia tiedotteita ja ohjeistuksia sek\u00e4 arvioi henkil\u00f6tietojen k\u00e4sittelyyn liittyvi\u00e4 riskej\u00e4.<\/p>\n<p>Tietoja voidaan siirt\u00e4\u00e4 EU\/ETA-alueen ulkopuolelle IT-palveluiden k\u00e4yt\u00f6n yhteydess\u00e4. Yleisimmin IT-palveluiden tarjoajat ovat sopineet siirroista EU\/ETA-alueen ulkopuolelle vakiosopimuslausekkein tai EU:n ja USA:n v\u00e4list\u00e4 tietosuojaj\u00e4rjestely\u00e4 k\u00e4ytt\u00e4m\u00e4ll\u00e4. OSMA Art seuraa k\u00e4ytt\u00e4miens\u00e4 IT-palveluiden tietosuojaj\u00e4rjestelyj\u00e4 ja etsii tarvittaessa vaihtoehtoja.<\/p>\n<p><strong>Sinun oikeutesi<\/strong><\/p>\n<p>Sinulla on useita henkil\u00f6tietojasi koskevia oikeuksia. Voit k\u00e4ytt\u00e4\u00e4 niit\u00e4 l\u00e4hett\u00e4m\u00e4ll\u00e4 pyynn\u00f6n OSMA Art:n asiakasrekisterin yhteyshenkil\u00f6lle. OSMA Art vastaa pyynt\u00f6\u00f6si kuukauden sis\u00e4ll\u00e4.<\/p>\n<p>Kaikki oikeudet eiv\u00e4t ole k\u00e4yt\u00f6ss\u00e4 kaikissa tilanteissa, vaan riippuvat k\u00e4sittelyperusteesta ja siihen liittyvist\u00e4 seikoista. Saat lis\u00e4\u00e4 tietoa alla luetelluista oikeuksista OSMA Art:n yhteyshenkil\u00f6lt\u00e4 ja tietosuojavaltuutetun toimiston <a href=\"https:\/\/tietosuoja.fi\/yksityishenkilot\">verkkosivuilta<\/a>.<\/p>\n<ul>\n<li>Tarkastus, oikaisu ja siirto: Sinulla on oikeus saada tiedoistasi j\u00e4ljenn\u00f6s eli tarkastaa tiedot. Voit my\u00f6s pyyt\u00e4\u00e4 virheellisten tietojen oikaisua. Lis\u00e4ksi voit pyyt\u00e4\u00e4 tietojen siirtoa toiselle rekisterinpit\u00e4j\u00e4lle.<\/li>\n<li>Pyynt\u00f6 lopettaa tietojen k\u00e4sittely: Voit perua antamasi suostumuksen tai vastustaa tietojen k\u00e4sittely\u00e4 eli pyyt\u00e4\u00e4, ettei tietojasi k\u00e4sitell\u00e4. Voit my\u00f6s pyyt\u00e4\u00e4 tietojesi poistoa rekisterist\u00e4. Voit rajoittaa tietojen k\u00e4sittely\u00e4, jolloin tietojasi k\u00e4sitell\u00e4\u00e4n rajatusti sen ajan, kun rajoituspyynt\u00f6si taustalla olevaa asiaa selvitet\u00e4\u00e4n.<\/li>\n<li>S\u00e4hk\u00f6isen suoramarkkinoinnin est\u00e4minen: Voit kielt\u00e4\u00e4 s\u00e4hk\u00f6isen suoramarkkinoinnin ottamalla yhteytt\u00e4 OSMA Artiin joko s\u00e4hk\u00f6postilla tai puhelimitse. T\u00e4m\u00e4 tarkoittaa, ett\u00e4 perut suostumuksesi s\u00e4hk\u00f6iseen suoramarkkinointiin tai vastustat sit\u00e4. T\u00e4ll\u00f6in sinulle ei en\u00e4\u00e4 l\u00e4hetet\u00e4 s\u00e4hk\u00f6ist\u00e4 suoramarkkinointia.<\/li>\n<li>Automaattinen p\u00e4\u00e4t\u00f6ksenteko: Sinulla on oikeus pyyt\u00e4\u00e4, ett\u00e4 sinua koskevat merkitt\u00e4v\u00e4t asiat p\u00e4\u00e4tt\u00e4\u00e4 ihminen. OSMA Art ei kuitenkaan tee automaattista p\u00e4\u00e4t\u00f6ksentekoa.<\/li>\n<li>Ongelmatilanteet: Saat tiedon vakavasta ja sinulle haittaa aiheuttavasta henkil\u00f6tietojen tietoturvaloukkauksesta, jos sellainen tilanne tulisi. Voit aina ilmoittaa OSMA Art:lle, jos havaitset mahdollisia tietosuojaan liittyvi\u00e4 ongelmia tai et saa riitt\u00e4v\u00e4sti tietoa henkil\u00f6tietojesi k\u00e4sittelyst\u00e4. Sinulla on my\u00f6s oikeus tehd\u00e4 valitus tietosuojan valvontaviranomaiselle eli <a href=\"https:\/\/tietosuoja.fi\/ilmoitus-tietosuojavaltuutetulle\">Tietosuojavaltuutetun toimistoon<\/a>.<\/li>\n<\/ul>\n<p>P\u00e4ivitetty 7.2.2025<\/p>\t\t\t\t\t\t\t\t<\/div>\n\t\t\t\t<\/div>\n\t\t\t\t\t<\/div>\n\t\t\t\t<\/div>\n\t\t\t\t<\/div>\n\t\t","protected":false},"excerpt":{"rendered":"<p>Rekisterinpit\u00e4j\u00e4: OSMA Art Rekisterinpit\u00e4j\u00e4 eli OSMA Art on suomalainen pienyritys, joka valmistaa koruja perinteisin kultasep\u00e4ntekniikoin Pohjois-Karjalassa. OSMA Art k\u00e4sittelee asiakasrekisteriss\u00e4\u00e4n henkil\u00f6tietoja yrityksen toiminnan mahdollistamiseksi. T\u00e4ss\u00e4 tietosuojaselosteessa kerrotaan OSMA Art:n asiakasrekisterist\u00e4 [&hellip;]<\/p>\n","protected":false},"author":1,"featured_media":0,"parent":0,"menu_order":0,"comment_status":"closed","ping_status":"closed","template":"","meta":{"_crdt_document":"","footnotes":""},"class_list":["post-149","page","type-page","status-publish","hentry"],"yoast_head":"<!-- This site is optimized with the Yoast SEO plugin v27.5 - https:\/\/yoast.com\/product\/yoast-seo-wordpress\/ -->\n<title>Tietosuojaseloste - OSMA Art<\/title>\n<meta name=\"robots\" content=\"index, follow, max-snippet:-1, max-image-preview:large, max-video-preview:-1\" \/>\n<link rel=\"canonical\" href=\"https:\/\/www.osma-art.fi\/index.php\/tietosuojaseloste\/\" \/>\n<meta property=\"og:locale\" content=\"fi_FI\" \/>\n<meta property=\"og:type\" content=\"article\" \/>\n<meta property=\"og:title\" content=\"Tietosuojaseloste - OSMA Art\" \/>\n<meta property=\"og:description\" content=\"Rekisterinpit\u00e4j\u00e4: OSMA Art Rekisterinpit\u00e4j\u00e4 eli OSMA Art on suomalainen pienyritys, joka valmistaa koruja perinteisin kultasep\u00e4ntekniikoin Pohjois-Karjalassa. OSMA Art k\u00e4sittelee asiakasrekisteriss\u00e4\u00e4n henkil\u00f6tietoja yrityksen toiminnan mahdollistamiseksi. T\u00e4ss\u00e4 tietosuojaselosteessa kerrotaan OSMA Art:n asiakasrekisterist\u00e4 [&hellip;]\" \/>\n<meta property=\"og:url\" content=\"https:\/\/www.osma-art.fi\/index.php\/tietosuojaseloste\/\" \/>\n<meta property=\"og:site_name\" content=\"OSMA Art\" \/>\n<meta property=\"article:modified_time\" content=\"2025-01-08T13:06:27+00:00\" \/>\n<meta name=\"twitter:card\" content=\"summary_large_image\" \/>\n<meta name=\"twitter:label1\" content=\"Arvioitu lukuaika\" \/>\n\t<meta name=\"twitter:data1\" content=\"6 minuuttia\" \/>\n<script type=\"application\/ld+json\" class=\"yoast-schema-graph\">{\"@context\":\"https:\\\/\\\/schema.org\",\"@graph\":[{\"@type\":\"WebPage\",\"@id\":\"https:\\\/\\\/www.osma-art.fi\\\/index.php\\\/tietosuojaseloste\\\/\",\"url\":\"https:\\\/\\\/www.osma-art.fi\\\/index.php\\\/tietosuojaseloste\\\/\",\"name\":\"Tietosuojaseloste - OSMA Art\",\"isPartOf\":{\"@id\":\"https:\\\/\\\/www.osma-art.fi\\\/#website\"},\"datePublished\":\"2024-10-29T12:31:13+00:00\",\"dateModified\":\"2025-01-08T13:06:27+00:00\",\"breadcrumb\":{\"@id\":\"https:\\\/\\\/www.osma-art.fi\\\/index.php\\\/tietosuojaseloste\\\/#breadcrumb\"},\"inLanguage\":\"fi\",\"potentialAction\":[{\"@type\":\"ReadAction\",\"target\":[\"https:\\\/\\\/www.osma-art.fi\\\/index.php\\\/tietosuojaseloste\\\/\"]}]},{\"@type\":\"BreadcrumbList\",\"@id\":\"https:\\\/\\\/www.osma-art.fi\\\/index.php\\\/tietosuojaseloste\\\/#breadcrumb\",\"itemListElement\":[{\"@type\":\"ListItem\",\"position\":1,\"name\":\"Home\",\"item\":\"https:\\\/\\\/www.osma-art.fi\\\/\"},{\"@type\":\"ListItem\",\"position\":2,\"name\":\"Tietosuojaseloste\"}]},{\"@type\":\"WebSite\",\"@id\":\"https:\\\/\\\/www.osma-art.fi\\\/#website\",\"url\":\"https:\\\/\\\/www.osma-art.fi\\\/\",\"name\":\"OSMA Art\",\"description\":\"\",\"potentialAction\":[{\"@type\":\"SearchAction\",\"target\":{\"@type\":\"EntryPoint\",\"urlTemplate\":\"https:\\\/\\\/www.osma-art.fi\\\/?s={search_term_string}\"},\"query-input\":{\"@type\":\"PropertyValueSpecification\",\"valueRequired\":true,\"valueName\":\"search_term_string\"}}],\"inLanguage\":\"fi\"}]}<\/script>\n<!-- \/ Yoast SEO plugin. -->","yoast_head_json":{"title":"Tietosuojaseloste - OSMA Art","robots":{"index":"index","follow":"follow","max-snippet":"max-snippet:-1","max-image-preview":"max-image-preview:large","max-video-preview":"max-video-preview:-1"},"canonical":"https:\/\/www.osma-art.fi\/index.php\/tietosuojaseloste\/","og_locale":"fi_FI","og_type":"article","og_title":"Tietosuojaseloste - OSMA Art","og_description":"Rekisterinpit\u00e4j\u00e4: OSMA Art Rekisterinpit\u00e4j\u00e4 eli OSMA Art on suomalainen pienyritys, joka valmistaa koruja perinteisin kultasep\u00e4ntekniikoin Pohjois-Karjalassa. OSMA Art k\u00e4sittelee asiakasrekisteriss\u00e4\u00e4n henkil\u00f6tietoja yrityksen toiminnan mahdollistamiseksi. T\u00e4ss\u00e4 tietosuojaselosteessa kerrotaan OSMA Art:n asiakasrekisterist\u00e4 [&hellip;]","og_url":"https:\/\/www.osma-art.fi\/index.php\/tietosuojaseloste\/","og_site_name":"OSMA Art","article_modified_time":"2025-01-08T13:06:27+00:00","twitter_card":"summary_large_image","twitter_misc":{"Arvioitu lukuaika":"6 minuuttia"},"schema":{"@context":"https:\/\/schema.org","@graph":[{"@type":"WebPage","@id":"https:\/\/www.osma-art.fi\/index.php\/tietosuojaseloste\/","url":"https:\/\/www.osma-art.fi\/index.php\/tietosuojaseloste\/","name":"Tietosuojaseloste - OSMA Art","isPartOf":{"@id":"https:\/\/www.osma-art.fi\/#website"},"datePublished":"2024-10-29T12:31:13+00:00","dateModified":"2025-01-08T13:06:27+00:00","breadcrumb":{"@id":"https:\/\/www.osma-art.fi\/index.php\/tietosuojaseloste\/#breadcrumb"},"inLanguage":"fi","potentialAction":[{"@type":"ReadAction","target":["https:\/\/www.osma-art.fi\/index.php\/tietosuojaseloste\/"]}]},{"@type":"BreadcrumbList","@id":"https:\/\/www.osma-art.fi\/index.php\/tietosuojaseloste\/#breadcrumb","itemListElement":[{"@type":"ListItem","position":1,"name":"Home","item":"https:\/\/www.osma-art.fi\/"},{"@type":"ListItem","position":2,"name":"Tietosuojaseloste"}]},{"@type":"WebSite","@id":"https:\/\/www.osma-art.fi\/#website","url":"https:\/\/www.osma-art.fi\/","name":"OSMA Art","description":"","potentialAction":[{"@type":"SearchAction","target":{"@type":"EntryPoint","urlTemplate":"https:\/\/www.osma-art.fi\/?s={search_term_string}"},"query-input":{"@type":"PropertyValueSpecification","valueRequired":true,"valueName":"search_term_string"}}],"inLanguage":"fi"}]}},"_links":{"self":[{"href":"https:\/\/www.osma-art.fi\/index.php\/wp-json\/wp\/v2\/pages\/149","targetHints":{"allow":["GET"]}}],"collection":[{"href":"https:\/\/www.osma-art.fi\/index.php\/wp-json\/wp\/v2\/pages"}],"about":[{"href":"https:\/\/www.osma-art.fi\/index.php\/wp-json\/wp\/v2\/types\/page"}],"author":[{"embeddable":true,"href":"https:\/\/www.osma-art.fi\/index.php\/wp-json\/wp\/v2\/users\/1"}],"replies":[{"embeddable":true,"href":"https:\/\/www.osma-art.fi\/index.php\/wp-json\/wp\/v2\/comments?post=149"}],"version-history":[{"count":5,"href":"https:\/\/www.osma-art.fi\/index.php\/wp-json\/wp\/v2\/pages\/149\/revisions"}],"predecessor-version":[{"id":766,"href":"https:\/\/www.osma-art.fi\/index.php\/wp-json\/wp\/v2\/pages\/149\/revisions\/766"}],"wp:attachment":[{"href":"https:\/\/www.osma-art.fi\/index.php\/wp-json\/wp\/v2\/media?parent=149"}],"curies":[{"name":"wp","href":"https:\/\/api.w.org\/{rel}","templated":true}]}}