{"id":67,"date":"2024-07-17T16:55:13","date_gmt":"2024-07-17T16:55:13","guid":{"rendered":"https:\/\/www.osma-art.fi\/?page_id=67"},"modified":"2024-12-08T17:32:19","modified_gmt":"2024-12-08T15:32:19","slug":"koti","status":"publish","type":"page","link":"https:\/\/www.osma-art.fi\/","title":{"rendered":"Hopeaan tallennetut"},"content":{"rendered":"\t\t<div data-elementor-type=\"wp-page\" data-elementor-id=\"67\" class=\"elementor elementor-67\" data-elementor-post-type=\"page\">\n\t\t\t\t<div class=\"elementor-element elementor-element-30d71e27 e-flex e-con-boxed e-con e-parent\" data-id=\"30d71e27\" data-element_type=\"container\" data-e-type=\"container\">\n\t\t\t\t\t<div class=\"e-con-inner\">\n\t\t\t\t<div class=\"elementor-element elementor-element-48011ae2 elementor-widget elementor-widget-text-editor\" data-id=\"48011ae2\" data-element_type=\"widget\" data-e-type=\"widget\" data-widget_type=\"text-editor.default\">\n\t\t\t\t<div class=\"elementor-widget-container\">\n\t\t\t\t\t\t\t\t\t<p><\/p>\n<p class=\"wp-block-paragraph\" id=\"wnd_TextBlock_86571_inner_0\">OSMA-korut&nbsp;ovat 925 hopeaa ja ne on valmistettu alipainevalutekniikalla. Valussa k\u00e4ytetty kipsimuotti on tehty aidoista luonnonmateriaaleista kuten lep\u00e4n ja m\u00e4nnyn k\u00e4vyist\u00e4 ja oksista, tuijan oksista, puolukan lehdist\u00e4 sek\u00e4 unikon ja krassin siemenkodista. Kun kipsimuotti poltetaan keramiikkauunissa, orgaaninen aines palaa pois ja j\u00e4ljelle j\u00e4\u00e4v\u00e4t vain tyhj\u00e4t onkalot. Kun onkaloihin valetaan sula hopea, syntyy yksityiskohtaisia hopeisia kopioita alkuper\u00e4isist\u00e4 luonnonmateriaaleista. Valukappaleet on viimeistelty koruiksi&nbsp;perinteisin kultasep\u00e4ntekniikoin.&nbsp;<\/p>\n<p id=\"wnd_TextBlock_86571_inner_0\">Valukokeiluista syntyi kokoelma kasviaiheisia koruja, joka sai nimekseen <em>conservatio<\/em>, joka on latinaa ja tarkoittaa s\u00e4ilytt\u00e4mist\u00e4.&nbsp;<span style=\"color: var( --e-global-color-text ); font-family: var( --e-global-typography-text-font-family ), Sans-serif; font-weight: var( --e-global-typography-text-font-weight ); text-align: var(--text-align); font-size: var(--bt-font-size-body, 16px); letter-spacing: 0px;\">Kokoelma kasvaa jatkossa uusien kokeilujen my\u00f6t\u00e4!<\/span><\/p>\n<p><\/p>\n<p><\/p>\n<p class=\"wp-block-paragraph\" id=\"wnd_TextBlock_86571_inner_1\">\n<\/p><p><\/p>\n<p><\/p>\n<p class=\"wp-block-paragraph\"><\/p>\t\t\t\t\t\t\t\t<\/div>\n\t\t\t\t<\/div>\n\t\t\t\t\t<\/div>\n\t\t\t\t<\/div>\n\t\t<div class=\"elementor-element elementor-element-485f7d4 e-flex e-con-boxed e-con e-parent\" data-id=\"485f7d4\" data-element_type=\"container\" data-e-type=\"container\">\n\t\t\t\t\t<div class=\"e-con-inner\">\n\t\t\t\t<div class=\"elementor-element elementor-element-f55f49d elementor-arrows-position-inside elementor-pagination-position-outside elementor-widget elementor-widget-image-carousel\" data-id=\"f55f49d\" data-element_type=\"widget\" data-e-type=\"widget\" data-settings=\"{&quot;navigation&quot;:&quot;both&quot;,&quot;autoplay&quot;:&quot;yes&quot;,&quot;pause_on_hover&quot;:&quot;yes&quot;,&quot;pause_on_interaction&quot;:&quot;yes&quot;,&quot;autoplay_speed&quot;:5000,&quot;infinite&quot;:&quot;yes&quot;,&quot;speed&quot;:500}\" data-widget_type=\"image-carousel.default\">\n\t\t\t\t<div class=\"elementor-widget-container\">\n\t\t\t\t\t\t\t<div class=\"elementor-image-carousel-wrapper swiper\" role=\"region\" aria-roledescription=\"carousel\" aria-label=\"Image Carousel\" dir=\"ltr\">\n\t\t\t<div class=\"elementor-image-carousel swiper-wrapper\" aria-live=\"off\">\n\t\t\t\t\t\t\t\t<div class=\"swiper-slide\" role=\"group\" aria-roledescription=\"slide\" aria-label=\"1 of 7\"><figure class=\"swiper-slide-inner\"><img decoding=\"async\" class=\"swiper-slide-image\" src=\"https:\/\/www.osma-art.fi\/wp-content\/uploads\/2024\/08\/unikkokorvikset3-300x225.jpg\" alt=\"unikkokorvikset3\" \/><\/figure><\/div><div class=\"swiper-slide\" role=\"group\" aria-roledescription=\"slide\" aria-label=\"2 of 7\"><figure class=\"swiper-slide-inner\"><img decoding=\"async\" class=\"swiper-slide-image\" src=\"https:\/\/www.osma-art.fi\/wp-content\/uploads\/2024\/08\/krassikorviksetpat2-300x225.webp\" alt=\"krassikorviksetpat2\" \/><\/figure><\/div><div class=\"swiper-slide\" role=\"group\" aria-roledescription=\"slide\" aria-label=\"3 of 7\"><figure class=\"swiper-slide-inner\"><img decoding=\"async\" class=\"swiper-slide-image\" src=\"https:\/\/www.osma-art.fi\/wp-content\/uploads\/2024\/08\/leppakorviksetpat-300x225.jpg\" alt=\"lepp\u00e4korviksetpat\" \/><\/figure><\/div><div class=\"swiper-slide\" role=\"group\" aria-roledescription=\"slide\" aria-label=\"4 of 7\"><figure class=\"swiper-slide-inner\"><img decoding=\"async\" class=\"swiper-slide-image\" src=\"https:\/\/www.osma-art.fi\/wp-content\/uploads\/2024\/08\/puolukkakorvikset-300x225.jpg\" alt=\"puolukkakorvikset\" \/><\/figure><\/div><div class=\"swiper-slide\" role=\"group\" aria-roledescription=\"slide\" aria-label=\"5 of 7\"><figure class=\"swiper-slide-inner\"><img decoding=\"async\" class=\"swiper-slide-image\" src=\"https:\/\/www.osma-art.fi\/wp-content\/uploads\/2024\/08\/tuijakorviksetpat-300x225.jpg\" alt=\"20240809_181907\" \/><\/figure><\/div><div class=\"swiper-slide\" role=\"group\" aria-roledescription=\"slide\" aria-label=\"6 of 7\"><figure class=\"swiper-slide-inner\"><img decoding=\"async\" class=\"swiper-slide-image\" src=\"https:\/\/www.osma-art.fi\/wp-content\/uploads\/2024\/08\/oksakorviksetpat2-300x225.jpg\" alt=\"oksakorviksetpat2\" \/><\/figure><\/div><div class=\"swiper-slide\" role=\"group\" aria-roledescription=\"slide\" aria-label=\"7 of 7\"><figure class=\"swiper-slide-inner\"><img decoding=\"async\" class=\"swiper-slide-image\" src=\"https:\/\/www.osma-art.fi\/wp-content\/uploads\/2024\/08\/mantykorvikset-300x225.jpg\" alt=\"m\u00e4ntykorvikset\" \/><\/figure><\/div>\t\t\t<\/div>\n\t\t\t\t\t\t\t\t\t\t\t\t<div class=\"elementor-swiper-button elementor-swiper-button-prev\" role=\"button\" tabindex=\"0\">\n\t\t\t\t\t\t<svg aria-hidden=\"true\" class=\"e-font-icon-svg e-eicon-chevron-left\" viewBox=\"0 0 1000 1000\" xmlns=\"http:\/\/www.w3.org\/2000\/svg\"><path d=\"M646 125C629 125 613 133 604 142L308 442C296 454 292 471 292 487 292 504 296 521 308 533L604 854C617 867 629 875 646 875 663 875 679 871 692 858 704 846 713 829 713 812 713 796 708 779 692 767L438 487 692 225C700 217 708 204 708 187 708 171 704 154 692 142 675 129 663 125 646 125Z\"><\/path><\/svg>\t\t\t\t\t<\/div>\n\t\t\t\t\t<div class=\"elementor-swiper-button elementor-swiper-button-next\" role=\"button\" tabindex=\"0\">\n\t\t\t\t\t\t<svg aria-hidden=\"true\" class=\"e-font-icon-svg e-eicon-chevron-right\" viewBox=\"0 0 1000 1000\" xmlns=\"http:\/\/www.w3.org\/2000\/svg\"><path d=\"M696 533C708 521 713 504 713 487 713 471 708 454 696 446L400 146C388 133 375 125 354 125 338 125 325 129 313 142 300 154 292 171 292 187 292 204 296 221 308 233L563 492 304 771C292 783 288 800 288 817 288 833 296 850 308 863 321 871 338 875 354 875 371 875 388 867 400 854L696 533Z\"><\/path><\/svg>\t\t\t\t\t<\/div>\n\t\t\t\t\n\t\t\t\t\t\t\t\t\t<div class=\"swiper-pagination\"><\/div>\n\t\t\t\t\t\t\t\t\t<\/div>\n\t\t\t\t\t\t<\/div>\n\t\t\t\t<\/div>\n\t\t\t\t\t<\/div>\n\t\t\t\t<\/div>\n\t\t<div class=\"elementor-element elementor-element-c8ce191 e-flex e-con-boxed e-con e-parent\" data-id=\"c8ce191\" data-element_type=\"container\" data-e-type=\"container\">\n\t\t\t\t\t<div class=\"e-con-inner\">\n\t\t\t\t<div class=\"elementor-element elementor-element-a57642e elementor-widget-divider--view-line elementor-widget elementor-widget-divider\" data-id=\"a57642e\" data-element_type=\"widget\" data-e-type=\"widget\" data-widget_type=\"divider.default\">\n\t\t\t\t<div class=\"elementor-widget-container\">\n\t\t\t\t\t\t\t<div class=\"elementor-divider\">\n\t\t\t<span class=\"elementor-divider-separator\">\n\t\t\t\t\t\t<\/span>\n\t\t<\/div>\n\t\t\t\t\t\t<\/div>\n\t\t\t\t<\/div>\n\t\t\t\t<div class=\"elementor-element elementor-element-5684e63 elementor-widget elementor-widget-spacer\" data-id=\"5684e63\" data-element_type=\"widget\" data-e-type=\"widget\" data-widget_type=\"spacer.default\">\n\t\t\t\t<div class=\"elementor-widget-container\">\n\t\t\t\t\t\t\t<div class=\"elementor-spacer\">\n\t\t\t<div class=\"elementor-spacer-inner\"><\/div>\n\t\t<\/div>\n\t\t\t\t\t\t<\/div>\n\t\t\t\t<\/div>\n\t\t\t\t<div class=\"elementor-element elementor-element-22d1e08 elementor-widget elementor-widget-text-editor\" data-id=\"22d1e08\" data-element_type=\"widget\" data-e-type=\"widget\" data-widget_type=\"text-editor.default\">\n\t\t\t\t<div class=\"elementor-widget-container\">\n\t\t\t\t\t\t\t\t\t<p>Aitojen luonnonmateriaalien valaminen on haastavaa ja onnistumisprosentti voi olla luonnonmateriaalin ominaisuuksista riippuen hyvinkin pieni. Lis\u00e4ksi luonnonmateriaalit ovat ker\u00e4tt\u00e4viss\u00e4 vain tiettyn\u00e4 vuodenaikana eik\u00e4 materiaali v\u00e4ltt\u00e4m\u00e4tt\u00e4 s\u00e4ily valukelpoisena pitk\u00e4\u00e4n.\u00a0<span style=\"color: var( --e-global-color-text ); font-family: var( --e-global-typography-text-font-family ), Sans-serif; font-weight: var( --e-global-typography-text-font-weight ); text-align: var(--text-align); font-size: var(--bt-font-size-body, 16px); letter-spacing: 0px;\">T\u00e4m\u00e4n vuoksi onnistunut hopeinen valukappale t\u00e4ytyy monistaa tekem\u00e4ll\u00e4 siit\u00e4 vulkanoimalla silikoninen monistusmuotti. Monistusmuotilla tehd\u00e4\u00e4n vahakopioita, jotka kiinnitet\u00e4\u00e4n valupuuhun luonnonmateriaalien sijaan. Muutoin valuprosessi on sama.\u00a0<\/span><\/p>\n<p><span style=\"color: var( --e-global-color-text ); font-family: var( --e-global-typography-text-font-family ), Sans-serif; font-weight: var( --e-global-typography-text-font-weight ); text-align: var(--text-align); font-size: var(--bt-font-size-body, 16px); letter-spacing: 0px;\">OSMA-valukoruista m\u00e4nnynk\u00e4py on tehty monistamalla, koska aivan pieni\u00e4 m\u00e4nnynk\u00e4pyj\u00e4 on vaikeaa l\u00f6yt\u00e4\u00e4. Lep\u00e4nk\u00e4pyj\u00e4, unikon ja krassin siemenkotia, puolukan lehti\u00e4 sek\u00e4 tuijan oksia on puolestaan vaikea saada onnistumaan valussa, joten nekin tehd\u00e4\u00e4n monistusmuotilla onnistuneesta valukappaleesta. Oksien valaminen on helpompaa ja jokainen valukappale on syntynyt yksitt\u00e4isest\u00e4 lep\u00e4noksasta.<\/span><\/p>\t\t\t\t\t\t\t\t<\/div>\n\t\t\t\t<\/div>\n\t\t\t\t\t<\/div>\n\t\t\t\t<\/div>\n\t\t\t\t<\/div>\n\t\t","protected":false},"excerpt":{"rendered":"<p>OSMA-korut&nbsp;ovat 925 hopeaa ja ne on valmistettu alipainevalutekniikalla. Valussa k\u00e4ytetty kipsimuotti on tehty aidoista luonnonmateriaaleista kuten lep\u00e4n ja m\u00e4nnyn k\u00e4vyist\u00e4 ja oksista, tuijan oksista, puolukan lehdist\u00e4 sek\u00e4 unikon ja krassin [&hellip;]<\/p>\n","protected":false},"author":1,"featured_media":0,"parent":0,"menu_order":1,"comment_status":"closed","ping_status":"closed","template":"","meta":{"_crdt_document":"","footnotes":""},"class_list":["post-67","page","type-page","status-publish","hentry"],"yoast_head":"<!-- This site is optimized with the Yoast SEO plugin v27.3 - https:\/\/yoast.com\/product\/yoast-seo-wordpress\/ -->\n<title>Hopeaan tallennetut - OSMA Art<\/title>\n<meta name=\"robots\" content=\"index, follow, max-snippet:-1, max-image-preview:large, max-video-preview:-1\" \/>\n<link rel=\"canonical\" href=\"https:\/\/www.osma-art.fi\/\" \/>\n<meta property=\"og:locale\" content=\"fi_FI\" \/>\n<meta property=\"og:type\" content=\"article\" \/>\n<meta property=\"og:title\" content=\"Hopeaan tallennetut - OSMA Art\" \/>\n<meta property=\"og:description\" content=\"OSMA-korut&nbsp;ovat 925 hopeaa ja ne on valmistettu alipainevalutekniikalla. Valussa k\u00e4ytetty kipsimuotti on tehty aidoista luonnonmateriaaleista kuten lep\u00e4n ja m\u00e4nnyn k\u00e4vyist\u00e4 ja oksista, tuijan oksista, puolukan lehdist\u00e4 sek\u00e4 unikon ja krassin [&hellip;]\" \/>\n<meta property=\"og:url\" content=\"https:\/\/www.osma-art.fi\/\" \/>\n<meta property=\"og:site_name\" content=\"OSMA Art\" \/>\n<meta property=\"article:modified_time\" content=\"2024-12-08T15:32:19+00:00\" \/>\n<meta property=\"og:image\" content=\"https:\/\/www.osma-art.fi\/wp-content\/uploads\/2024\/08\/unikkokorvikset3-300x225.jpg\" \/>\n<meta name=\"twitter:card\" content=\"summary_large_image\" \/>\n<meta name=\"twitter:label1\" content=\"Arvioitu lukuaika\" \/>\n\t<meta name=\"twitter:data1\" content=\"4 minuuttia\" \/>\n<script type=\"application\/ld+json\" class=\"yoast-schema-graph\">{\"@context\":\"https:\\\/\\\/schema.org\",\"@graph\":[{\"@type\":\"WebPage\",\"@id\":\"https:\\\/\\\/www.osma-art.fi\\\/\",\"url\":\"https:\\\/\\\/www.osma-art.fi\\\/\",\"name\":\"Hopeaan tallennetut - OSMA Art\",\"isPartOf\":{\"@id\":\"https:\\\/\\\/www.osma-art.fi\\\/#website\"},\"primaryImageOfPage\":{\"@id\":\"https:\\\/\\\/www.osma-art.fi\\\/#primaryimage\"},\"image\":{\"@id\":\"https:\\\/\\\/www.osma-art.fi\\\/#primaryimage\"},\"thumbnailUrl\":\"https:\\\/\\\/www.osma-art.fi\\\/wp-content\\\/uploads\\\/2024\\\/08\\\/unikkokorvikset3-300x225.jpg\",\"datePublished\":\"2024-07-17T16:55:13+00:00\",\"dateModified\":\"2024-12-08T15:32:19+00:00\",\"breadcrumb\":{\"@id\":\"https:\\\/\\\/www.osma-art.fi\\\/#breadcrumb\"},\"inLanguage\":\"fi\",\"potentialAction\":[{\"@type\":\"ReadAction\",\"target\":[\"https:\\\/\\\/www.osma-art.fi\\\/\"]}]},{\"@type\":\"ImageObject\",\"inLanguage\":\"fi\",\"@id\":\"https:\\\/\\\/www.osma-art.fi\\\/#primaryimage\",\"url\":\"https:\\\/\\\/www.osma-art.fi\\\/wp-content\\\/uploads\\\/2024\\\/08\\\/unikkokorvikset3-scaled.jpg\",\"contentUrl\":\"https:\\\/\\\/www.osma-art.fi\\\/wp-content\\\/uploads\\\/2024\\\/08\\\/unikkokorvikset3-scaled.jpg\",\"width\":2560,\"height\":1920},{\"@type\":\"BreadcrumbList\",\"@id\":\"https:\\\/\\\/www.osma-art.fi\\\/#breadcrumb\",\"itemListElement\":[{\"@type\":\"ListItem\",\"position\":1,\"name\":\"Home\",\"item\":\"https:\\\/\\\/www.osma-art.fi\\\/\"},{\"@type\":\"ListItem\",\"position\":2,\"name\":\"Hopeaan tallennetut\"}]},{\"@type\":\"WebSite\",\"@id\":\"https:\\\/\\\/www.osma-art.fi\\\/#website\",\"url\":\"https:\\\/\\\/www.osma-art.fi\\\/\",\"name\":\"OSMA Art\",\"description\":\"\",\"potentialAction\":[{\"@type\":\"SearchAction\",\"target\":{\"@type\":\"EntryPoint\",\"urlTemplate\":\"https:\\\/\\\/www.osma-art.fi\\\/?s={search_term_string}\"},\"query-input\":{\"@type\":\"PropertyValueSpecification\",\"valueRequired\":true,\"valueName\":\"search_term_string\"}}],\"inLanguage\":\"fi\"}]}<\/script>\n<!-- \/ Yoast SEO plugin. -->","yoast_head_json":{"title":"Hopeaan tallennetut - OSMA Art","robots":{"index":"index","follow":"follow","max-snippet":"max-snippet:-1","max-image-preview":"max-image-preview:large","max-video-preview":"max-video-preview:-1"},"canonical":"https:\/\/www.osma-art.fi\/","og_locale":"fi_FI","og_type":"article","og_title":"Hopeaan tallennetut - OSMA Art","og_description":"OSMA-korut&nbsp;ovat 925 hopeaa ja ne on valmistettu alipainevalutekniikalla. Valussa k\u00e4ytetty kipsimuotti on tehty aidoista luonnonmateriaaleista kuten lep\u00e4n ja m\u00e4nnyn k\u00e4vyist\u00e4 ja oksista, tuijan oksista, puolukan lehdist\u00e4 sek\u00e4 unikon ja krassin [&hellip;]","og_url":"https:\/\/www.osma-art.fi\/","og_site_name":"OSMA Art","article_modified_time":"2024-12-08T15:32:19+00:00","og_image":[{"url":"https:\/\/www.osma-art.fi\/wp-content\/uploads\/2024\/08\/unikkokorvikset3-300x225.jpg","type":"","width":"","height":""}],"twitter_card":"summary_large_image","twitter_misc":{"Arvioitu lukuaika":"4 minuuttia"},"schema":{"@context":"https:\/\/schema.org","@graph":[{"@type":"WebPage","@id":"https:\/\/www.osma-art.fi\/","url":"https:\/\/www.osma-art.fi\/","name":"Hopeaan tallennetut - OSMA Art","isPartOf":{"@id":"https:\/\/www.osma-art.fi\/#website"},"primaryImageOfPage":{"@id":"https:\/\/www.osma-art.fi\/#primaryimage"},"image":{"@id":"https:\/\/www.osma-art.fi\/#primaryimage"},"thumbnailUrl":"https:\/\/www.osma-art.fi\/wp-content\/uploads\/2024\/08\/unikkokorvikset3-300x225.jpg","datePublished":"2024-07-17T16:55:13+00:00","dateModified":"2024-12-08T15:32:19+00:00","breadcrumb":{"@id":"https:\/\/www.osma-art.fi\/#breadcrumb"},"inLanguage":"fi","potentialAction":[{"@type":"ReadAction","target":["https:\/\/www.osma-art.fi\/"]}]},{"@type":"ImageObject","inLanguage":"fi","@id":"https:\/\/www.osma-art.fi\/#primaryimage","url":"https:\/\/www.osma-art.fi\/wp-content\/uploads\/2024\/08\/unikkokorvikset3-scaled.jpg","contentUrl":"https:\/\/www.osma-art.fi\/wp-content\/uploads\/2024\/08\/unikkokorvikset3-scaled.jpg","width":2560,"height":1920},{"@type":"BreadcrumbList","@id":"https:\/\/www.osma-art.fi\/#breadcrumb","itemListElement":[{"@type":"ListItem","position":1,"name":"Home","item":"https:\/\/www.osma-art.fi\/"},{"@type":"ListItem","position":2,"name":"Hopeaan tallennetut"}]},{"@type":"WebSite","@id":"https:\/\/www.osma-art.fi\/#website","url":"https:\/\/www.osma-art.fi\/","name":"OSMA Art","description":"","potentialAction":[{"@type":"SearchAction","target":{"@type":"EntryPoint","urlTemplate":"https:\/\/www.osma-art.fi\/?s={search_term_string}"},"query-input":{"@type":"PropertyValueSpecification","valueRequired":true,"valueName":"search_term_string"}}],"inLanguage":"fi"}]}},"_links":{"self":[{"href":"https:\/\/www.osma-art.fi\/index.php\/wp-json\/wp\/v2\/pages\/67","targetHints":{"allow":["GET"]}}],"collection":[{"href":"https:\/\/www.osma-art.fi\/index.php\/wp-json\/wp\/v2\/pages"}],"about":[{"href":"https:\/\/www.osma-art.fi\/index.php\/wp-json\/wp\/v2\/types\/page"}],"author":[{"embeddable":true,"href":"https:\/\/www.osma-art.fi\/index.php\/wp-json\/wp\/v2\/users\/1"}],"replies":[{"embeddable":true,"href":"https:\/\/www.osma-art.fi\/index.php\/wp-json\/wp\/v2\/comments?post=67"}],"version-history":[{"count":48,"href":"https:\/\/www.osma-art.fi\/index.php\/wp-json\/wp\/v2\/pages\/67\/revisions"}],"predecessor-version":[{"id":726,"href":"https:\/\/www.osma-art.fi\/index.php\/wp-json\/wp\/v2\/pages\/67\/revisions\/726"}],"wp:attachment":[{"href":"https:\/\/www.osma-art.fi\/index.php\/wp-json\/wp\/v2\/media?parent=67"}],"curies":[{"name":"wp","href":"https:\/\/api.w.org\/{rel}","templated":true}]}}